{"id":214,"date":"2021-03-30T04:43:23","date_gmt":"2021-03-30T04:43:23","guid":{"rendered":"https:\/\/project.log.osaka\/neighbourhood\/?page_id=214"},"modified":"2021-03-30T04:43:23","modified_gmt":"2021-03-30T04:43:23","slug":"plan","status":"publish","type":"page","link":"https:\/\/project.log.osaka\/neighbourhood\/fr\/plan","title":{"rendered":"Plan de recherche"},"content":{"rendered":"\n<h2>L&#8217;<em>Osaka Neighborhood Effect Research<\/em>\u00a0(ONER) <\/h2>\n\n\n\n<p>Ce projet de recherche a \u00e9t\u00e9 adopt\u00e9 en 2019 par la Soci\u00e9t\u00e9 Japonaise pour la Promotion de la Science (JSPS) dans le cadre de son programme\u00a0<em>Global Initiatives\u00a0<\/em>pour la recherche de pointe en sciences humaines et sociales (appel \u00e0 candidature public) sur le sujet &#8220;<em>recherches sur la fragmentation sociale dans un monde mondialis\u00e9&#8221;<\/em>.<\/p>\n\n\n\n<h2>Aper\u00e7u des objectifs de recherche :<\/h2>\n\n\n\n<p>Mener des recherches sur la s\u00e9gr\u00e9gation (comme forme sp\u00e9cifique de division sociale dans les grandes agglom\u00e9rations) et sur &#8220;l&#8217;effet de quartier &#8221; (l&#8217;influence des quartiers sur la sant\u00e9 individuelle, le niveau d&#8217;\u00e9ducation et la conscience sociale) et leurs effets sur les liens sociaux des r\u00e9sidents en tenant compte des facteurs institutionnels comme les politiques urbaines et de logement.<\/p>\n\n\n\n<figure class=\"wp-block-image size-large is-resized\"><img src=\"https:\/\/project.log.osaka\/neighbourhood\/wp-content\/uploads\/sites\/2\/2021\/03\/figure01_fr-1024x768.png\" alt=\"\" class=\"wp-image-215\" width=\"960\" srcset=\"https:\/\/project.log.osaka\/neighbourhood\/wp-content\/uploads\/sites\/2\/2021\/03\/figure01_fr-1024x768.png 1024w, https:\/\/project.log.osaka\/neighbourhood\/wp-content\/uploads\/sites\/2\/2021\/03\/figure01_fr-300x225.png 300w, https:\/\/project.log.osaka\/neighbourhood\/wp-content\/uploads\/sites\/2\/2021\/03\/figure01_fr-768x576.png 768w, https:\/\/project.log.osaka\/neighbourhood\/wp-content\/uploads\/sites\/2\/2021\/03\/figure01_fr.png 1500w\" sizes=\"(max-width: 767px) 89vw, (max-width: 1000px) 54vw, (max-width: 1071px) 543px, 580px\" \/><\/figure>\n\n\n\n<h2>Projet de recherche ONER sur l&#8217;effet de voisinage \u00e0 Osaka<\/h2>\n\n\n\n<p>-Conduction d&#8217;enqu\u00eates qualitatives et quantitatives dans la zone m\u00e9tropolitaine d&#8217;Osaka.&nbsp;<\/p>\n\n\n\n<p>-Coop\u00e9ration avec des groupes de recherche \u00e0 l&#8217;\u00e9tranger travaillant sur l&#8217;effet de&nbsp;quartier&nbsp;; formation d&#8217;un socle de recherche commun \u00e0 l&#8217;international et diffusion \u00e0 l&#8217;\u00e9tranger.<\/p>\n\n\n\n<h2>Grandes lignes du plan de recherche&nbsp;<\/h2>\n\n\n\n<p>2019-2020 : Mise en ligne du site web du projet ; \u00e9tablissement d&#8217;une bibliographie compos\u00e9e des travaux ant\u00e9rieurs et des recherches des partenaires \u00e9trangers sur le sujet ; mise en commun des probl\u00e9matiques ; publication d&#8217;une s\u00e9rie de documents de travail en anglais sur la version anglaise du site internet.<\/p>\n\n\n\n<p>2020-2021 : Planification et mise en \u0153uvre d&#8217;enqu\u00eates nationales et internationales, partage des donn\u00e9es et documents entre les participants ; organisation de s\u00e9minaires avec les partenaires \u00e9trangers ; examen des m\u00e9thodologies avec comparaisons internationales.<\/p>\n\n\n\n<p>2021-2022 : Soumission d&#8217;articles aux revus scientifiques et diffusion \u00e0 l&#8217;\u00e9tranger de documents de travail sur le site web ; organisation d&#8217;un colloque international.<\/p>\n","protected":false},"excerpt":{"rendered":"<p>L&#8217;Osaka Neighborhood Effect Research\u00a0(ONER) Ce projet de recherche a \u00e9t\u00e9 adopt\u00e9 en 2019 par la Soci\u00e9t\u00e9 J &hellip; <\/p>\n<p class=\"link-more\"><a href=\"https:\/\/project.log.osaka\/neighbourhood\/fr\/plan\" class=\"more-link\"><span class=\"screen-reader-text\">&#8220;Plan de recherche&#8221; \u306e<\/span>\u7d9a\u304d\u3092\u8aad\u3080<\/a><\/p>\n","protected":false},"author":1,"featured_media":0,"parent":0,"menu_order":0,"comment_status":"closed","ping_status":"open","template":"","meta":[],"_links":{"self":[{"href":"https:\/\/project.log.osaka\/neighbourhood\/wp-json\/wp\/v2\/pages\/214"}],"collection":[{"href":"https:\/\/project.log.osaka\/neighbourhood\/wp-json\/wp\/v2\/pages"}],"about":[{"href":"https:\/\/project.log.osaka\/neighbourhood\/wp-json\/wp\/v2\/types\/page"}],"author":[{"embeddable":true,"href":"https:\/\/project.log.osaka\/neighbourhood\/wp-json\/wp\/v2\/users\/1"}],"replies":[{"embeddable":true,"href":"https:\/\/project.log.osaka\/neighbourhood\/wp-json\/wp\/v2\/comments?post=214"}],"version-history":[{"count":1,"href":"https:\/\/project.log.osaka\/neighbourhood\/wp-json\/wp\/v2\/pages\/214\/revisions"}],"predecessor-version":[{"id":216,"href":"https:\/\/project.log.osaka\/neighbourhood\/wp-json\/wp\/v2\/pages\/214\/revisions\/216"}],"wp:attachment":[{"href":"https:\/\/project.log.osaka\/neighbourhood\/wp-json\/wp\/v2\/media?parent=214"}],"curies":[{"name":"wp","href":"https:\/\/api.w.org\/{rel}","templated":true}]}}