{"id":210,"date":"2021-03-30T04:35:01","date_gmt":"2021-03-30T04:35:01","guid":{"rendered":"https:\/\/project.log.osaka\/neighbourhood\/?page_id=210"},"modified":"2021-03-30T04:35:02","modified_gmt":"2021-03-30T04:35:02","slug":"personnel","status":"publish","type":"page","link":"https:\/\/project.log.osaka\/neighbourhood\/fr\/personnel","title":{"rendered":"Personnel"},"content":{"rendered":"\n<h2>Responsable de recherche :<\/h2>\n\n\n\n<p><strong><em>Eiji KAWANO<\/em><\/strong>, Professeur (Sociologie), \u00c9cole sup\u00e9rieure de lettre et de sciences humaines, Universit\u00e9 de la Ville d\u2019Osaka<\/p>\n\n\n\n<h1>Charg\u00e9s d&#8217;enqu\u00eate :<\/h1>\n\n\n\n<p><em><strong>Hiroyuki FUKUHARA<\/strong>,<\/em> Professeur (\u00c9conomie), \u00c9cole sup\u00e9rieure d&#8217;\u00e9conomie, Universit\u00e9 de la Ville d\u2019Osaka<\/p>\n\n\n\n<p><em>Yasumasa NISHIDA,<\/em> Professeur (Sociologie), D\u00e9partement de science des syst\u00e8mes durables, Universit\u00e9 pr\u00e9fectorale d&#8217;Osaka<\/p>\n\n\n\n<p><em>Shingo TSUMAKI,<\/em> Professeur associ\u00e9 (Sociologie), D\u00e9partement de gestion d&#8217;entreprise, Universit\u00e9 de Ry\u00fbkoku<\/p>\n\n\n\n<p><em>Sh\u00f4 FUJIHARA,<\/em> Professeur associ\u00e9 (Sociologie), Institut de sciences sociales, Universit\u00e9 de Tokyo<\/p>\n\n\n\n<p><em>Wakaba FUKUSHIMA,<\/em> Professeure (Sant\u00e9 publique), \u00c9cole sup\u00e9rieure de m\u00e9decine, Universit\u00e9 de la Ville d\u2019Osaka<\/p>\n\n\n\n<p><em>Tomoki NAKAYA,<\/em> Professeur (G\u00e9ographie),\u00a0<em>\u00c9cole sup\u00e9rieure\u00a0<\/em>d&#8217;\u00e9tudes<em>\u00a0environnementales<\/em>,\u00a0Universit\u00e9 du T\u00f4h\u00f4ku<\/p>\n\n\n\n<p><em>Akane MURAKAMI,<\/em> Professeure associ\u00e9e (Sociologie), Facult\u00e9 de sociologie, Universit\u00e9 de Momoyama Gakuin<\/p>\n\n\n\n<h1>Charg\u00e9s des politiques urbaines :<\/h1>\n\n\n\n<p><em><strong>Toshio MIZUUCHI<\/strong>,<\/em> Professeur (G\u00e9ographie), \u00c9cole sup\u00e9rieure d&#8217;\u00e9conomie, Universit\u00e9 de la Ville d\u2019Osaka<\/p>\n\n\n\n<p><em>Y\u00fbsuke KAKITA,<\/em> Professeur associ\u00e9 (Politique sociale), \u00c9cole sup\u00e9rieure de sciences de l&#8217;homme, Universit\u00e9 de la Ville d\u2019Osaka<\/p>\n\n\n\n<p><em>Koji SH\u00d4,<\/em> Professeur associ\u00e9 (Urbanisme), \u00c9cole sup\u00e9rieure d&#8217;ing\u00e9nierie, Universit\u00e9 de la Ville d\u2019Osaka<\/p>\n\n\n\n<h1>Charg\u00e9s des comparaisons internationales :<\/h1>\n\n\n\n<p><em><strong>Hideaki SASAJIMA<\/strong>,<\/em> Professeur associ\u00e9 (Sociologie), \u00c9cole sup\u00e9rieure de lettres et de sciences humaines, Universit\u00e9 de la Ville d\u2019Osaka<\/p>\n\n\n\n<p><em>Masaya UESUGI,<\/em> Professeur associ\u00e9 (G\u00e9ographie), Facult\u00e9 d&#8217;\u00e9tudes socio-environnementales, Institut de technologie de Fukuoka<\/p>\n\n\n\n<p>*En gras : Superviseurs de recherche et chefs de groupe<\/p>\n","protected":false},"excerpt":{"rendered":"<p>Responsable de recherche : Eiji KAWANO, Professeur (Sociologie), \u00c9cole sup\u00e9rieure de lettre et de sciences hum &hellip; <\/p>\n<p class=\"link-more\"><a href=\"https:\/\/project.log.osaka\/neighbourhood\/fr\/personnel\" class=\"more-link\"><span class=\"screen-reader-text\">&#8220;Personnel&#8221; \u306e<\/span>\u7d9a\u304d\u3092\u8aad\u3080<\/a><\/p>\n","protected":false},"author":1,"featured_media":0,"parent":0,"menu_order":0,"comment_status":"closed","ping_status":"closed","template":"","meta":[],"_links":{"self":[{"href":"https:\/\/project.log.osaka\/neighbourhood\/wp-json\/wp\/v2\/pages\/210"}],"collection":[{"href":"https:\/\/project.log.osaka\/neighbourhood\/wp-json\/wp\/v2\/pages"}],"about":[{"href":"https:\/\/project.log.osaka\/neighbourhood\/wp-json\/wp\/v2\/types\/page"}],"author":[{"embeddable":true,"href":"https:\/\/project.log.osaka\/neighbourhood\/wp-json\/wp\/v2\/users\/1"}],"replies":[{"embeddable":true,"href":"https:\/\/project.log.osaka\/neighbourhood\/wp-json\/wp\/v2\/comments?post=210"}],"version-history":[{"count":1,"href":"https:\/\/project.log.osaka\/neighbourhood\/wp-json\/wp\/v2\/pages\/210\/revisions"}],"predecessor-version":[{"id":211,"href":"https:\/\/project.log.osaka\/neighbourhood\/wp-json\/wp\/v2\/pages\/210\/revisions\/211"}],"wp:attachment":[{"href":"https:\/\/project.log.osaka\/neighbourhood\/wp-json\/wp\/v2\/media?parent=210"}],"curies":[{"name":"wp","href":"https:\/\/api.w.org\/{rel}","templated":true}]}}